{"id":285,"date":"2022-02-09T01:36:59","date_gmt":"2022-02-09T01:36:59","guid":{"rendered":"https:\/\/demo.themegrill.com\/colormag\/?page_id=285"},"modified":"2022-02-09T01:37:00","modified_gmt":"2022-02-09T01:37:00","slug":"cookies-e-termos","status":"publish","type":"page","link":"https:\/\/bambuloja.com.br\/blog\/cookies-e-termos\/","title":{"rendered":"Cookies e Termos"},"content":{"rendered":"<h1>Pol\u00edtica de privacidade do site Bambuloja.com<\/h1>\n<div>\n<h2>Sobre os cookies:<\/h2>\n<p>Ao acessar o site, o sistema do navegador pede autoriza\u00e7\u00e3o do usu\u00e1rio para adicionar um cookie de acompanhamento no computador, necess\u00e1rio para um bom funcionamento do site. Caso o navegador do visitante esteja configurado para aceitar os cookies, o site colocar\u00e1 temporariamente no seu navegador. Esses \u201ccookies\u201d servem para verificar por quanto tempo os visitantes acessam o site, a data, hor\u00e1rio, hist\u00f3rico de navega\u00e7\u00e3o, prefer\u00eancias e em quais p\u00e1ginas passam mais tempo e menos tempo.<\/p>\n<p>Os cookies s\u00e3o tempor\u00e1rios e n\u00e3o cont\u00e9m dados pessoais, al\u00e9m disso, todos os usu\u00e1rios possuem a op\u00e7\u00e3o de aceitar ou recusar os cookies, para que isso seja poss\u00edvel pode ir at\u00e9 as configura\u00e7\u00f5es do seu navegador e modifique para aceitar ou n\u00e3o os cookies, entretanto, caso opte por n\u00e3o aceitar, isso pode limitar algumas ferramentas e certos conte\u00fados dispon\u00edveis no site.<\/p>\n<h2>Sobre os sites externos:<\/h2>\n<p>Os sites externos inclusos no site, como o Google Adwords e Google Adsence, provedores de links patrocinados, podem tamb\u00e9m adicionar cookie no navegador dos visitantes, coletando as prefer\u00eancias e dados de navega\u00e7\u00e3o, isso serve para os anunciantes apresentarem os an\u00fancios que poder\u00e3o ser mais adequados para voc\u00ea. As pol\u00edticas dos Servi\u00e7os do Google est\u00e3o descritas neste <a href=\"https:\/\/www.google.com\/policies\/privacy\" target=\"_blank\" rel=\"noopener\">link<\/a>.<\/p>\n<h2>Sobre os Coment\u00e1rios:<\/h2>\n<p>Voc\u00ea \u00e9 livre para expressar a sua opini\u00e3o nos coment\u00e1rios, desde que, antes de ser realizado qualquer coment\u00e1rio nas p\u00e1ginas deste site, siga, respeite e atente as seguintes regras e condi\u00e7\u00f5es:<\/p>\n<p>\u00b0 N\u00e3o \u00e9 permitido coment\u00e1rios indecorosos, puramente ofensivos, difamadores, composto com palavr\u00f5es.<\/p>\n<p>\u00b0 \u00c9 proibido spam.<\/p>\n<p>\u00b0 N\u00e3o disponibilizar links, n\u00e3o fazer divulga\u00e7\u00e3o de outros sites ou blogs.<\/p>\n<p>\u00b0 \u00c9 desaprovado coment\u00e1rios que promovam a desordem p\u00fablica em ambientes abertos ou fechados<\/p>\n<p>\u00b0 N\u00e3o \u00e9 permitido coment\u00e1rios chulos.<\/p>\n<p>\u00b0 Voc\u00ea \u00e9 respons\u00e1vel pelo seu coment\u00e1rio.<\/p>\n<p>\u00b0 Reservamo-nos o direito de apagar e\/ou n\u00e3o transmitir qualquer coment\u00e1rio que, ao nosso ver, n\u00e3o estiver seguindo as regras e condi\u00e7\u00f5es descritas acima.<\/p>\n<p>Sobre itens gerais:<\/p>\n<p>Este site pode, a qualquer instante, mudar ou acrescentar itens em sua pol\u00edtica de privacidade por\u00e9m garante, primordialmente, o uso do bom-senso em respeitar a privacidade de seus utilizadores.<\/p>\n<p>S\u00ea tu uma ben\u00e7\u00e3o.<\/p>\n<\/div>\n","protected":false},"excerpt":{"rendered":"<p>Pol\u00edtica de privacidade do site Bambuloja.com Sobre os cookies: Ao acessar o site, o sistema do navegador pede autoriza\u00e7\u00e3o do<\/p>\n","protected":false},"author":1,"featured_media":0,"parent":0,"menu_order":0,"comment_status":"closed","ping_status":"closed","template":"page-templates\/contact.php","meta":{"footnotes":""},"class_list":["post-285","page","type-page","status-publish","hentry"],"_links":{"self":[{"href":"https:\/\/bambuloja.com.br\/blog\/wp-json\/wp\/v2\/pages\/285","targetHints":{"allow":["GET"]}}],"collection":[{"href":"https:\/\/bambuloja.com.br\/blog\/wp-json\/wp\/v2\/pages"}],"about":[{"href":"https:\/\/bambuloja.com.br\/blog\/wp-json\/wp\/v2\/types\/page"}],"author":[{"embeddable":true,"href":"https:\/\/bambuloja.com.br\/blog\/wp-json\/wp\/v2\/users\/1"}],"replies":[{"embeddable":true,"href":"https:\/\/bambuloja.com.br\/blog\/wp-json\/wp\/v2\/comments?post=285"}],"version-history":[{"count":1,"href":"https:\/\/bambuloja.com.br\/blog\/wp-json\/wp\/v2\/pages\/285\/revisions"}],"predecessor-version":[{"id":579,"href":"https:\/\/bambuloja.com.br\/blog\/wp-json\/wp\/v2\/pages\/285\/revisions\/579"}],"wp:attachment":[{"href":"https:\/\/bambuloja.com.br\/blog\/wp-json\/wp\/v2\/media?parent=285"}],"curies":[{"name":"wp","href":"https:\/\/api.w.org\/{rel}","templated":true}]}}